{"id":6530,"date":"2025-04-22T16:29:11","date_gmt":"2025-04-22T14:29:11","guid":{"rendered":"https:\/\/indev.iconeproduction.com\/braxton\/?page_id=6530"},"modified":"2025-05-05T11:06:20","modified_gmt":"2025-05-05T09:06:20","slug":"contact","status":"publish","type":"page","link":"https:\/\/indev.iconeproduction.com\/braxton\/contact\/","title":{"rendered":"Contact"},"content":{"rendered":"\t\t<div data-elementor-type=\"wp-page\" data-elementor-id=\"6530\" class=\"elementor elementor-6530\">\n\t\t\t\t<div class=\"elementor-element elementor-element-c7eb53d e-con-full e-flex e-con e-parent\" data-id=\"c7eb53d\" data-element_type=\"container\" data-settings=\"{&quot;background_background&quot;:&quot;classic&quot;}\">\n\t\t<div class=\"elementor-element elementor-element-603b120 e-con-full qodef-elementor-content-grid e-flex e-con e-child\" data-id=\"603b120\" data-element_type=\"container\">\n\t\t\t\t<div class=\"elementor-element elementor-element-89dcfca elementor-widget elementor-widget-startpro_core_section_title\" data-id=\"89dcfca\" data-element_type=\"widget\" data-widget_type=\"startpro_core_section_title.default\">\n\t\t\t\t<div class=\"elementor-widget-container\">\n\t\t\t\t\t<div class=\"qodef-shortcode qodef-m  qodef-section-title qodef-alignment--center \">\n\t\t<h1 class=\"qodef-m-title\" style=\"color: #FFFFFF\">\n\t\t\t\t\tNous Contacter\t\t\t<\/h1>\n\t<\/div>\n\t\t\t\t<\/div>\n\t\t\t\t<\/div>\n\t\t\t\t<\/div>\n\t\t\t\t<\/div>\n\t\t<div class=\"elementor-element elementor-element-6ad17fc e-con-full e-flex e-con e-parent\" data-id=\"6ad17fc\" data-element_type=\"container\">\n\t\t<div class=\"elementor-element elementor-element-cfd8f9e e-con-full qodef-elementor-content-grid e-flex e-con e-child\" data-id=\"cfd8f9e\" data-element_type=\"container\" data-settings=\"{&quot;background_background&quot;:&quot;classic&quot;}\">\n\t\t<div class=\"elementor-element elementor-element-07b9511 e-con-full e-flex e-con e-child\" data-id=\"07b9511\" data-element_type=\"container\">\n\t\t<div class=\"elementor-element elementor-element-d7d6051 e-con-full e-flex e-con e-child\" data-id=\"d7d6051\" data-element_type=\"container\">\n\t\t\t\t<div class=\"elementor-element elementor-element-a5b9918 elementor-widget__width-initial elementor-widget elementor-widget-startpro_core_section_title\" data-id=\"a5b9918\" data-element_type=\"widget\" data-widget_type=\"startpro_core_section_title.default\">\n\t\t\t\t<div class=\"elementor-widget-container\">\n\t\t\t\t\t<div class=\"qodef-shortcode qodef-m  qodef-section-title qodef-alignment--left \">\n\t\t<h3 class=\"qodef-m-title\" >\n\t\t\t\t\tNous sommes \u00e0 votre \u00e9coute.\t\t\t<\/h3>\n\t\t<span class=\"qodef-m-description\" style=\"margin-top: 16px\">\n\t\tVous souhaitez investir, collaborer ou en savoir plus sur notre strat\u00e9gie ? Contactez-nous pour :\t<\/span>\n<\/div>\n\t\t\t\t<\/div>\n\t\t\t\t<\/div>\n\t\t\t\t<\/div>\n\t\t<div class=\"elementor-element elementor-element-d0bc4de e-con-full e-flex e-con e-child\" data-id=\"d0bc4de\" data-element_type=\"container\">\n\t\t\t\t<div class=\"elementor-element elementor-element-caf8940 elementor-widget__width-initial elementor-widget elementor-widget-startpro_core_section_title\" data-id=\"caf8940\" data-element_type=\"widget\" data-widget_type=\"startpro_core_section_title.default\">\n\t\t\t\t<div class=\"elementor-widget-container\">\n\t\t\t\t\t<div class=\"qodef-shortcode qodef-m  qodef-section-title qodef-alignment--left \">\n\t\t<h5 class=\"qodef-m-title\" >\n\t\t\t\t\t1. Investir avec Braxton\t\t\t<\/h5>\n\t\t<p class=\"qodef-m-description\" style=\"margin-top: 0px\">\n\t\tVous souhaitez acc\u00e9der \u00e0 nos opportunit\u00e9s d\u2019investissement immobilier.\t<\/p>\n<\/div>\n\t\t\t\t<\/div>\n\t\t\t\t<\/div>\n\t\t\t\t<\/div>\n\t\t<div class=\"elementor-element elementor-element-5b058e0 e-con-full e-flex e-con e-child\" data-id=\"5b058e0\" data-element_type=\"container\">\n\t\t\t\t<div class=\"elementor-element elementor-element-f3f7c67 elementor-widget__width-initial elementor-widget elementor-widget-startpro_core_section_title\" data-id=\"f3f7c67\" data-element_type=\"widget\" data-widget_type=\"startpro_core_section_title.default\">\n\t\t\t\t<div class=\"elementor-widget-container\">\n\t\t\t\t\t<div class=\"qodef-shortcode qodef-m  qodef-section-title qodef-alignment--left \">\n\t\t<h5 class=\"qodef-m-title\" >\n\t\t\t\t\t2.\t Collaborer entre professionnels\t\t\t<\/h5>\n\t\t<p class=\"qodef-m-description\" style=\"margin-top: 0px\">\n\t\tVous \u00eates un acteur de l\u2019\u00e9pargne et souhaitez \u00e9tablir un partenariat ou initier un \u00e9change professionnel.\t<\/p>\n<\/div>\n\t\t\t\t<\/div>\n\t\t\t\t<\/div>\n\t\t\t\t<\/div>\n\t\t<div class=\"elementor-element elementor-element-06aacf0 e-con-full e-flex e-con e-child\" data-id=\"06aacf0\" data-element_type=\"container\">\n\t\t\t\t<div class=\"elementor-element elementor-element-035e4ce elementor-widget__width-initial elementor-widget elementor-widget-startpro_core_section_title\" data-id=\"035e4ce\" data-element_type=\"widget\" data-widget_type=\"startpro_core_section_title.default\">\n\t\t\t\t<div class=\"elementor-widget-container\">\n\t\t\t\t\t<div class=\"qodef-shortcode qodef-m  qodef-section-title qodef-alignment--left \">\n\t\t<h5 class=\"qodef-m-title\" >\n\t\t\t\t\t3.\t  Proposer une opportunit\u00e9\t\t\t<\/h5>\n\t\t<p class=\"qodef-m-description\" style=\"margin-top: 0px\">\n\t\tVous avez identifi\u00e9 un actif ou une op\u00e9ration en lien avec notre strat\u00e9gie d\u2019investissement.\t<\/p>\n<\/div>\n\t\t\t\t<\/div>\n\t\t\t\t<\/div>\n\t\t\t\t<\/div>\n\t\t<div class=\"elementor-element elementor-element-9903f76 e-con-full e-flex e-con e-child\" data-id=\"9903f76\" data-element_type=\"container\">\n\t\t\t\t<div class=\"elementor-element elementor-element-f772308 elementor-widget__width-initial elementor-widget elementor-widget-startpro_core_section_title\" data-id=\"f772308\" data-element_type=\"widget\" data-widget_type=\"startpro_core_section_title.default\">\n\t\t\t\t<div class=\"elementor-widget-container\">\n\t\t\t\t\t<div class=\"qodef-shortcode qodef-m  qodef-section-title qodef-alignment--left \">\n\t\t<h5 class=\"qodef-m-title\" >\n\t\t\t\t\t4.\t  Rejoindre notre \u00e9quipe\t\t\t<\/h5>\n\t\t<p class=\"qodef-m-description\" style=\"margin-top: 0px\">\n\t\tVous \u00eates int\u00e9ress\u00e9(e) par notre univers et souhaitez postuler ou en savoir plus sur nos besoins en recrutement.\t<\/p>\n<\/div>\n\t\t\t\t<\/div>\n\t\t\t\t<\/div>\n\t\t\t\t<\/div>\n\t\t\t\t<\/div>\n\t\t<div class=\"elementor-element elementor-element-0c0684f e-con-full e-flex e-con e-child\" data-id=\"0c0684f\" data-element_type=\"container\" data-settings=\"{&quot;background_background&quot;:&quot;classic&quot;}\">\n\t\t\t\t<div class=\"elementor-element elementor-element-5c13145 elementor-widget__width-inherit elementor-widget elementor-widget-wp-widget-startpro_core_contact_form_7\" data-id=\"5c13145\" data-element_type=\"widget\" data-widget_type=\"wp-widget-startpro_core_contact_form_7.default\">\n\t\t\t\t<div class=\"elementor-widget-container\">\n\t\t\t\t\t\t\t\t<div class=\"qodef-contact-form-7 \">\n\t\t\t\t\n<div class=\"wpcf7 no-js\" id=\"wpcf7-f22-o1\" lang=\"fr-FR\" dir=\"ltr\" data-wpcf7-id=\"22\">\n<div class=\"screen-reader-response\"><p role=\"status\" aria-live=\"polite\" aria-atomic=\"true\"><\/p> <ul><\/ul><\/div>\n<form action=\"\/braxton\/wp-json\/wp\/v2\/pages\/6530#wpcf7-f22-o1\" method=\"post\" class=\"wpcf7-form init\" aria-label=\"Formulaire de contact\" novalidate=\"novalidate\" data-status=\"init\">\n<div style=\"display: none;\">\n<input type=\"hidden\" name=\"_wpcf7\" value=\"22\" \/>\n<input type=\"hidden\" name=\"_wpcf7_version\" value=\"6.0.5\" \/>\n<input type=\"hidden\" name=\"_wpcf7_locale\" value=\"fr_FR\" \/>\n<input type=\"hidden\" name=\"_wpcf7_unit_tag\" value=\"wpcf7-f22-o1\" \/>\n<input type=\"hidden\" name=\"_wpcf7_container_post\" value=\"0\" \/>\n<input type=\"hidden\" name=\"_wpcf7_posted_data_hash\" value=\"\" \/>\n<\/div>\n<label> Nom\n    <span class=\"wpcf7-form-control-wrap\" data-name=\"your-name\"><input size=\"40\" maxlength=\"400\" class=\"wpcf7-form-control wpcf7-text wpcf7-validates-as-required\" autocomplete=\"name\" aria-required=\"true\" aria-invalid=\"false\" value=\"\" type=\"text\" name=\"your-name\" \/><\/span> <\/label>\n\n<label> Email\n    <span class=\"wpcf7-form-control-wrap\" data-name=\"your-email\"><input size=\"40\" maxlength=\"400\" class=\"wpcf7-form-control wpcf7-email wpcf7-validates-as-required wpcf7-text wpcf7-validates-as-email\" autocomplete=\"email\" aria-required=\"true\" aria-invalid=\"false\" value=\"\" type=\"email\" name=\"your-email\" \/><\/span> <\/label>\n\n<label> Sujet\n    <span class=\"wpcf7-form-control-wrap\" data-name=\"your-subject\"><input size=\"40\" maxlength=\"400\" class=\"wpcf7-form-control wpcf7-text wpcf7-validates-as-required\" aria-required=\"true\" aria-invalid=\"false\" value=\"\" type=\"text\" name=\"your-subject\" \/><\/span> <\/label>\n\n<label> Votre message\n    <span class=\"wpcf7-form-control-wrap\" data-name=\"your-message\"><textarea cols=\"40\" rows=\"10\" maxlength=\"2000\" class=\"wpcf7-form-control wpcf7-textarea\" aria-invalid=\"false\" name=\"your-message\"><\/textarea><\/span> <\/label>\n\n<button class=\"wpcf7-form-control wpcf7-submit qodef-button qodef-size--normal qodef-layout--filled qodef-m\" type=\"submit\"><span class=\"qodef-m-text\">Envoyer<\/span><\/button><p style=\"display: none !important;\"><label>&#916;<textarea name=\"_wpcf7_ak_hp_textarea\" cols=\"45\" rows=\"8\" maxlength=\"100\"><\/textarea><\/label><input type=\"hidden\" id=\"ak_js_1\" name=\"_wpcf7_ak_js\" value=\"44\"\/><script>document.getElementById( \"ak_js_1\" ).setAttribute( \"value\", ( new Date() ).getTime() );<\/script><\/p><div class=\"wpcf7-response-output\" aria-hidden=\"true\"><\/div>\n<\/form>\n<\/div>\n\t\t\t<\/div>\n\t\t\t\t\t\t\t<\/div>\n\t\t\t\t<\/div>\n\t\t\t\t<\/div>\n\t\t\t\t<\/div>\n\t\t\t\t<\/div>\n\t\t\t\t<\/div>\n\t\t","protected":false},"excerpt":{"rendered":"<p>Nous Contacter Nous sommes \u00e0 votre \u00e9coute. Vous souhaitez investir, collaborer ou en savoir plus sur notre strat\u00e9gie ? Contactez-nous pour : 1. Investir avec Braxton Vous souhaitez acc\u00e9der \u00e0 nos opportunit\u00e9s d\u2019investissement immobilier. 2. Collaborer entre professionnels Vous \u00eates un acteur de l\u2019\u00e9pargne et souhaitez \u00e9tablir un partenariat ou initier un \u00e9change professionnel. 3. [&hellip;]<\/p>\n","protected":false},"author":1,"featured_media":0,"parent":0,"menu_order":0,"comment_status":"closed","ping_status":"closed","template":"page-full-width.php","meta":{"footnotes":""},"class_list":["post-6530","page","type-page","status-publish","hentry"],"_links":{"self":[{"href":"https:\/\/indev.iconeproduction.com\/braxton\/wp-json\/wp\/v2\/pages\/6530","targetHints":{"allow":["GET"]}}],"collection":[{"href":"https:\/\/indev.iconeproduction.com\/braxton\/wp-json\/wp\/v2\/pages"}],"about":[{"href":"https:\/\/indev.iconeproduction.com\/braxton\/wp-json\/wp\/v2\/types\/page"}],"author":[{"embeddable":true,"href":"https:\/\/indev.iconeproduction.com\/braxton\/wp-json\/wp\/v2\/users\/1"}],"replies":[{"embeddable":true,"href":"https:\/\/indev.iconeproduction.com\/braxton\/wp-json\/wp\/v2\/comments?post=6530"}],"version-history":[{"count":34,"href":"https:\/\/indev.iconeproduction.com\/braxton\/wp-json\/wp\/v2\/pages\/6530\/revisions"}],"predecessor-version":[{"id":7301,"href":"https:\/\/indev.iconeproduction.com\/braxton\/wp-json\/wp\/v2\/pages\/6530\/revisions\/7301"}],"wp:attachment":[{"href":"https:\/\/indev.iconeproduction.com\/braxton\/wp-json\/wp\/v2\/media?parent=6530"}],"curies":[{"name":"wp","href":"https:\/\/api.w.org\/{rel}","templated":true}]}}