{"id":3492,"date":"2025-04-01T16:14:59","date_gmt":"2025-04-01T14:14:59","guid":{"rendered":"https:\/\/startpro.qodeinteractive.com\/?page_id=3492"},"modified":"2025-11-25T17:39:19","modified_gmt":"2025-11-25T16:39:19","slug":"solutions","status":"publish","type":"page","link":"https:\/\/indev.iconeproduction.com\/braxton\/solutions\/","title":{"rendered":"Solutions"},"content":{"rendered":"\t\t<div data-elementor-type=\"wp-page\" data-elementor-id=\"3492\" class=\"elementor elementor-3492\">\n\t\t\t\t<div class=\"elementor-element elementor-element-e15b8c3 e-flex e-con-boxed e-con e-parent\" data-id=\"e15b8c3\" data-element_type=\"container\">\n\t\t\t\t\t<div class=\"e-con-inner\">\n\t\t\t\t<div class=\"elementor-element elementor-element-967a006 elementor-widget elementor-widget-startpro_core_section_title\" data-id=\"967a006\" data-element_type=\"widget\" data-widget_type=\"startpro_core_section_title.default\">\n\t\t\t\t<div class=\"elementor-widget-container\">\n\t\t\t\t\t<div class=\"qodef-shortcode qodef-m  qodef-section-title qodef-alignment--center \">\n\t\t<h1 class=\"qodef-m-title\" >\n\t\t\t\t\tNos Solutions d'Investissement\t\t\t<\/h1>\n\t<\/div>\n\t\t\t\t<\/div>\n\t\t\t\t<\/div>\n\t\t\t\t<div class=\"elementor-element elementor-element-33054a6 elementor-widget elementor-widget-text-editor\" data-id=\"33054a6\" data-element_type=\"widget\" data-widget_type=\"text-editor.default\">\n\t\t\t\t<div class=\"elementor-widget-container\">\n\t\t\t\t\t\t\t\t\t<p style=\"text-align: center;\">Chez Braxton Investment Management, nous concevons des solutions d\u2019investissement innovantes et exigeantes \u00e0 destination d\u2019investisseurs priv\u00e9s, de partenaires institutionnels et de distributeurs. Notre force r\u00e9side dans la capacit\u00e9 \u00e0 structurer des opportunit\u00e9s exclusives, r\u00e9gul\u00e9es, et adapt\u00e9es \u00e0 chaque profil, tout en int\u00e9grant une logique de performance et de robustesse patrimoniale.\u00a0\u00a0<\/p>\t\t\t\t\t\t\t\t<\/div>\n\t\t\t\t<\/div>\n\t\t\t\t\t<\/div>\n\t\t\t\t<\/div>\n\t\t<div class=\"elementor-element elementor-element-c2d202c e-flex e-con-boxed e-con e-parent\" data-id=\"c2d202c\" data-element_type=\"container\">\n\t\t\t\t\t<div class=\"e-con-inner\">\n\t\t\t\t<div class=\"elementor-element elementor-element-91647b2 e-transform e-transform e-transform e-n-tabs-mobile elementor-invisible elementor-widget elementor-widget-n-tabs\" data-id=\"91647b2\" data-element_type=\"widget\" data-settings=\"{&quot;_animation&quot;:&quot;fadeInUp&quot;,&quot;_transform_rotateZ_effect&quot;:{&quot;unit&quot;:&quot;px&quot;,&quot;size&quot;:-360,&quot;sizes&quot;:[]},&quot;_transform_rotateZ_effect_tablet&quot;:{&quot;unit&quot;:&quot;deg&quot;,&quot;size&quot;:&quot;&quot;,&quot;sizes&quot;:[]},&quot;_transform_rotateZ_effect_mobile&quot;:{&quot;unit&quot;:&quot;deg&quot;,&quot;size&quot;:&quot;&quot;,&quot;sizes&quot;:[]},&quot;_transform_translateX_effect&quot;:{&quot;unit&quot;:&quot;px&quot;,&quot;size&quot;:&quot;&quot;,&quot;sizes&quot;:[]},&quot;_transform_translateX_effect_tablet&quot;:{&quot;unit&quot;:&quot;px&quot;,&quot;size&quot;:&quot;&quot;,&quot;sizes&quot;:[]},&quot;_transform_translateX_effect_mobile&quot;:{&quot;unit&quot;:&quot;px&quot;,&quot;size&quot;:&quot;&quot;,&quot;sizes&quot;:[]},&quot;_transform_translateY_effect&quot;:{&quot;unit&quot;:&quot;px&quot;,&quot;size&quot;:&quot;&quot;,&quot;sizes&quot;:[]},&quot;_transform_translateY_effect_tablet&quot;:{&quot;unit&quot;:&quot;px&quot;,&quot;size&quot;:&quot;&quot;,&quot;sizes&quot;:[]},&quot;_transform_translateY_effect_mobile&quot;:{&quot;unit&quot;:&quot;px&quot;,&quot;size&quot;:&quot;&quot;,&quot;sizes&quot;:[]},&quot;_transform_skewX_effect&quot;:{&quot;unit&quot;:&quot;px&quot;,&quot;size&quot;:&quot;&quot;,&quot;sizes&quot;:[]},&quot;_transform_skewX_effect_tablet&quot;:{&quot;unit&quot;:&quot;deg&quot;,&quot;size&quot;:&quot;&quot;,&quot;sizes&quot;:[]},&quot;_transform_skewX_effect_mobile&quot;:{&quot;unit&quot;:&quot;deg&quot;,&quot;size&quot;:&quot;&quot;,&quot;sizes&quot;:[]},&quot;_transform_skewY_effect&quot;:{&quot;unit&quot;:&quot;px&quot;,&quot;size&quot;:&quot;&quot;,&quot;sizes&quot;:[]},&quot;_transform_skewY_effect_tablet&quot;:{&quot;unit&quot;:&quot;deg&quot;,&quot;size&quot;:&quot;&quot;,&quot;sizes&quot;:[]},&quot;_transform_skewY_effect_mobile&quot;:{&quot;unit&quot;:&quot;deg&quot;,&quot;size&quot;:&quot;&quot;,&quot;sizes&quot;:[]}}\" data-widget_type=\"nested-tabs.default\">\n\t\t\t\t<div class=\"elementor-widget-container\">\n\t\t\t\t\t\t\t<div class=\"e-n-tabs\" data-widget-number=\"152455090\" aria-label=\"Onglets. Ouvrez des \u00e9l\u00e9ments avec Entrer ou Espace, fermez-les avec Echape et naviguez \u00e0 l&#039;aide des touches fl\u00e9ch\u00e9es.\">\n\t\t\t<div class=\"e-n-tabs-heading\" role=\"tablist\">\n\t\t\t\t\t<button id=\"e-n-tab-title-1524550901\" class=\"e-n-tab-title\" aria-selected=\"true\" data-tab-index=\"1\" role=\"tab\" tabindex=\"0\" aria-controls=\"e-n-tab-content-1524550901\" style=\"--n-tabs-title-order: 1;\">\n\t\t\t\t\t\t<span class=\"e-n-tab-title-text\">\n\t\t\t\tSolutions D\u00e9di\u00e9es \t\t\t<\/span>\n\t\t<\/button>\n\t\t\t\t<button id=\"e-n-tab-title-1524550902\" class=\"e-n-tab-title\" aria-selected=\"false\" data-tab-index=\"2\" role=\"tab\" tabindex=\"-1\" aria-controls=\"e-n-tab-content-1524550902\" style=\"--n-tabs-title-order: 2;\">\n\t\t\t\t\t\t<span class=\"e-n-tab-title-text\">\n\t\t\t\tPlateforme Partenaires\t\t\t<\/span>\n\t\t<\/button>\n\t\t\t\t\t<\/div>\n\t\t\t<div class=\"e-n-tabs-content\">\n\t\t\t\t<div id=\"e-n-tab-content-1524550901\" role=\"tabpanel\" aria-labelledby=\"e-n-tab-title-1524550901\" data-tab-index=\"1\" style=\"--n-tabs-title-order: 1;\" class=\"e-active elementor-element elementor-element-800eb43 e-con-full e-flex e-con e-child\" data-id=\"800eb43\" data-element_type=\"container\" data-settings=\"{&quot;shape_divider_top&quot;:&quot;mountains&quot;}\">\n\t\t\t\t<div class=\"elementor-shape elementor-shape-top\" data-negative=\"false\">\n\t\t\t<svg xmlns=\"http:\/\/www.w3.org\/2000\/svg\" viewBox=\"0 0 1000 100\" preserveAspectRatio=\"none\">\n\t<path class=\"elementor-shape-fill\" opacity=\"0.33\" d=\"M473,67.3c-203.9,88.3-263.1-34-320.3,0C66,119.1,0,59.7,0,59.7V0h1000v59.7 c0,0-62.1,26.1-94.9,29.3c-32.8,3.3-62.8-12.3-75.8-22.1C806,49.6,745.3,8.7,694.9,4.7S492.4,59,473,67.3z\"\/>\n\t<path class=\"elementor-shape-fill\" opacity=\"0.66\" d=\"M734,67.3c-45.5,0-77.2-23.2-129.1-39.1c-28.6-8.7-150.3-10.1-254,39.1 s-91.7-34.4-149.2,0C115.7,118.3,0,39.8,0,39.8V0h1000v36.5c0,0-28.2-18.5-92.1-18.5C810.2,18.1,775.7,67.3,734,67.3z\"\/>\n\t<path class=\"elementor-shape-fill\" d=\"M766.1,28.9c-200-57.5-266,65.5-395.1,19.5C242,1.8,242,5.4,184.8,20.6C128,35.8,132.3,44.9,89.9,52.5C28.6,63.7,0,0,0,0 h1000c0,0-9.9,40.9-83.6,48.1S829.6,47,766.1,28.9z\"\/>\n<\/svg>\t\t<\/div>\n\t\t\t\t<div class=\"elementor-element elementor-element-d76c44e elementor-widget__width-inherit elementor-widget elementor-widget-text-editor\" data-id=\"d76c44e\" data-element_type=\"widget\" data-widget_type=\"text-editor.default\">\n\t\t\t\t<div class=\"elementor-widget-container\">\n\t\t\t\t\t\t\t\t\t<h6 style=\"text-align: left;\"><strong>Nous structurons des club deals r\u00e9gul\u00e9s, \u00e0 destination des distributeurs souhaitant proposer \u00e0 leurs clients une offre d&rsquo;investissement exclusive cibl\u00e9e pour les besoins de leurs clients.<\/strong><\/h6><h6 style=\"text-align: left;\">Expertises sectorielles fortes (activit\u00e9\/logistique, h\u00f4tellerie, bureaux, r\u00e9sidentiel)<\/h6><ul><li style=\"text-align: left;\"><h6>Structuration de v\u00e9hicules FIA conformes aux attentes r\u00e9glementaires (AMF, AIFM)<\/h6><\/li><li style=\"text-align: left;\"><h6>Approche co-brand\u00e9e ou marque blanche pour les r\u00e9seaux souhaitant ma\u00eetriser leur distribution<\/h6><\/li><li style=\"text-align: left;\"><h6>D\u00e9marche ESG int\u00e9gr\u00e9e d\u00e8s la conception des projets (BREEAM, sobri\u00e9t\u00e9 \u00e9nerg\u00e9tique, gestion de proximit\u00e9)<\/h6><\/li><\/ul>\t\t\t\t\t\t\t\t<\/div>\n\t\t\t\t<\/div>\n\t\t\t\t<div class=\"elementor-element elementor-element-8a2ecf4 elementor-widget elementor-widget-startpro_core_button\" data-id=\"8a2ecf4\" data-element_type=\"widget\" data-widget_type=\"startpro_core_button.default\">\n\t\t\t\t<div class=\"elementor-widget-container\">\n\t\t\t\t\t<a class=\"qodef-shortcode qodef-m  qodef-button qodef-layout--filled  qodef-html--link \" href=\"https:\/\/www.braxton-im.com\/\" target=\"_self\" >\n\t<span class=\"qodef-m-text\">En savoir plus<\/span>\n<\/a>\n\t\t\t\t<\/div>\n\t\t\t\t<\/div>\n\t\t\t\t<\/div>\n\t\t<div id=\"e-n-tab-content-1524550902\" role=\"tabpanel\" aria-labelledby=\"e-n-tab-title-1524550902\" data-tab-index=\"2\" style=\"--n-tabs-title-order: 2;\" class=\" elementor-element elementor-element-c58d148 e-con-full e-flex e-con e-child\" data-id=\"c58d148\" data-element_type=\"container\" data-settings=\"{&quot;shape_divider_top&quot;:&quot;mountains&quot;}\">\n\t\t\t\t<div class=\"elementor-shape elementor-shape-top\" data-negative=\"false\">\n\t\t\t<svg xmlns=\"http:\/\/www.w3.org\/2000\/svg\" viewBox=\"0 0 1000 100\" preserveAspectRatio=\"none\">\n\t<path class=\"elementor-shape-fill\" opacity=\"0.33\" d=\"M473,67.3c-203.9,88.3-263.1-34-320.3,0C66,119.1,0,59.7,0,59.7V0h1000v59.7 c0,0-62.1,26.1-94.9,29.3c-32.8,3.3-62.8-12.3-75.8-22.1C806,49.6,745.3,8.7,694.9,4.7S492.4,59,473,67.3z\"\/>\n\t<path class=\"elementor-shape-fill\" opacity=\"0.66\" d=\"M734,67.3c-45.5,0-77.2-23.2-129.1-39.1c-28.6-8.7-150.3-10.1-254,39.1 s-91.7-34.4-149.2,0C115.7,118.3,0,39.8,0,39.8V0h1000v36.5c0,0-28.2-18.5-92.1-18.5C810.2,18.1,775.7,67.3,734,67.3z\"\/>\n\t<path class=\"elementor-shape-fill\" d=\"M766.1,28.9c-200-57.5-266,65.5-395.1,19.5C242,1.8,242,5.4,184.8,20.6C128,35.8,132.3,44.9,89.9,52.5C28.6,63.7,0,0,0,0 h1000c0,0-9.9,40.9-83.6,48.1S829.6,47,766.1,28.9z\"\/>\n<\/svg>\t\t<\/div>\n\t\t\t\t<div class=\"elementor-element elementor-element-2f15518 elementor-widget__width-inherit elementor-invisible elementor-widget elementor-widget-text-editor\" data-id=\"2f15518\" data-element_type=\"widget\" data-settings=\"{&quot;_animation&quot;:&quot;fadeIn&quot;}\" data-widget_type=\"text-editor.default\">\n\t\t\t\t<div class=\"elementor-widget-container\">\n\t\t\t\t\t\t\t\t\t<h6 style=\"text-align: left;\"><strong>Nos proposons aux partenaires une plateforme digitale permettant l&rsquo;acc\u00e8s aux fonds g\u00e9r\u00e9s par Braxton IM (souscriptions, suivi clients, facturation, etc.)<\/strong><\/h6><h6 style=\"text-align: left;\">Des produits cl\u00e9 en main, adapt\u00e9s aux besoins de vos clients<\/h6><ul><li style=\"text-align: left;\"><h6>Une offre compl\u00e8te, avec des expositions sectorielles claires et identifi\u00e9es.<\/h6><\/li><li style=\"text-align: left;\"><h6>Plateforme digitale d\u00e9di\u00e9e pour suivre votre activit\u00e9\u00a0<\/h6><\/li><li style=\"text-align: left;\"><h6>Le cas \u00e9ch\u00e9ant, d\u00e9marche ESG int\u00e9gr\u00e9e d\u00e8s la conception des projets (BREEAM, sobri\u00e9t\u00e9 \u00e9nerg\u00e9tique, gestion de proximit\u00e9)<\/h6><\/li><\/ul>\t\t\t\t\t\t\t\t<\/div>\n\t\t\t\t<\/div>\n\t\t\t\t<div class=\"elementor-element elementor-element-ab45c18 elementor-widget elementor-widget-startpro_core_button\" data-id=\"ab45c18\" data-element_type=\"widget\" data-widget_type=\"startpro_core_button.default\">\n\t\t\t\t<div class=\"elementor-widget-container\">\n\t\t\t\t\t<a class=\"qodef-shortcode qodef-m  qodef-button qodef-layout--filled  qodef-html--link \" href=\"https:\/\/www.braxton-im.com\/\" target=\"_self\" >\n\t<span class=\"qodef-m-text\">En savoir plus<\/span>\n<\/a>\n\t\t\t\t<\/div>\n\t\t\t\t<\/div>\n\t\t\t\t<\/div>\n\t\t\t\t\t<\/div>\n\t\t<\/div>\n\t\t\t\t\t\t<\/div>\n\t\t\t\t<\/div>\n\t\t\t\t\t<\/div>\n\t\t\t\t<\/div>\n\t\t<div class=\"elementor-element elementor-element-ada4b0c e-flex e-con-boxed e-con e-parent\" data-id=\"ada4b0c\" data-element_type=\"container\">\n\t\t\t\t\t<div class=\"e-con-inner\">\n\t\t\t\t\t<\/div>\n\t\t\t\t<\/div>\n\t\t<div class=\"elementor-element elementor-element-8be5f0a e-flex e-con-boxed e-con e-parent\" data-id=\"8be5f0a\" data-element_type=\"container\">\n\t\t\t\t\t<div class=\"e-con-inner\">\n\t\t\t\t\t<\/div>\n\t\t\t\t<\/div>\n\t\t\t\t<\/div>\n\t\t","protected":false},"excerpt":{"rendered":"<p>Nos Solutions d&rsquo;Investissement Chez Braxton Investment Management, nous concevons des solutions d\u2019investissement innovantes et exigeantes \u00e0 destination d\u2019investisseurs priv\u00e9s, de partenaires institutionnels et de distributeurs. Notre force r\u00e9side dans la capacit\u00e9 \u00e0 structurer des opportunit\u00e9s exclusives, r\u00e9gul\u00e9es, et adapt\u00e9es \u00e0 chaque profil, tout en int\u00e9grant une logique de performance et de robustesse patrimoniale.\u00a0\u00a0 Solutions D\u00e9di\u00e9es [&hellip;]<\/p>\n","protected":false},"author":1,"featured_media":0,"parent":0,"menu_order":0,"comment_status":"closed","ping_status":"closed","template":"page-full-width.php","meta":{"footnotes":""},"class_list":["post-3492","page","type-page","status-publish","hentry"],"_links":{"self":[{"href":"https:\/\/indev.iconeproduction.com\/braxton\/wp-json\/wp\/v2\/pages\/3492","targetHints":{"allow":["GET"]}}],"collection":[{"href":"https:\/\/indev.iconeproduction.com\/braxton\/wp-json\/wp\/v2\/pages"}],"about":[{"href":"https:\/\/indev.iconeproduction.com\/braxton\/wp-json\/wp\/v2\/types\/page"}],"author":[{"embeddable":true,"href":"https:\/\/indev.iconeproduction.com\/braxton\/wp-json\/wp\/v2\/users\/1"}],"replies":[{"embeddable":true,"href":"https:\/\/indev.iconeproduction.com\/braxton\/wp-json\/wp\/v2\/comments?post=3492"}],"version-history":[{"count":158,"href":"https:\/\/indev.iconeproduction.com\/braxton\/wp-json\/wp\/v2\/pages\/3492\/revisions"}],"predecessor-version":[{"id":7987,"href":"https:\/\/indev.iconeproduction.com\/braxton\/wp-json\/wp\/v2\/pages\/3492\/revisions\/7987"}],"wp:attachment":[{"href":"https:\/\/indev.iconeproduction.com\/braxton\/wp-json\/wp\/v2\/media?parent=3492"}],"curies":[{"name":"wp","href":"https:\/\/api.w.org\/{rel}","templated":true}]}}