{"id":2157,"date":"2025-04-01T09:12:46","date_gmt":"2025-04-01T07:12:46","guid":{"rendered":"https:\/\/startpro.qodeinteractive.com\/?page_id=2157"},"modified":"2025-09-29T16:56:21","modified_gmt":"2025-09-29T14:56:21","slug":"equipes","status":"publish","type":"page","link":"https:\/\/indev.iconeproduction.com\/braxton\/equipes\/","title":{"rendered":"\u00c9quipes"},"content":{"rendered":"\t\t<div data-elementor-type=\"wp-page\" data-elementor-id=\"2157\" class=\"elementor elementor-2157\">\n\t\t\t\t<div class=\"elementor-element elementor-element-33be5a4 e-con-full elementor-hidden-desktop e-flex e-con e-parent\" data-id=\"33be5a4\" data-element_type=\"container\" data-settings=\"{&quot;background_background&quot;:&quot;classic&quot;}\">\n\t\t\t\t<div class=\"elementor-element elementor-element-e3b671a elementor-widget__width-initial elementor-widget-mobile__width-initial elementor-hidden-desktop elementor-hidden-mobile elementor-widget elementor-widget-image\" data-id=\"e3b671a\" data-element_type=\"widget\" data-widget_type=\"image.default\">\n\t\t\t\t<div class=\"elementor-widget-container\">\n\t\t\t\t\t\t\t\t\t\t\t\t\t\t\t<img decoding=\"async\" src=\"https:\/\/indev.iconeproduction.com\/braxton\/wp-content\/uploads\/elementor\/thumbs\/scott-graham-5fNmWej4tAA-unsplash-scaled-r62yjtj2x9h93mys7ubgmvfce5jr64j5fsbxnwh654.jpg\" title=\"scott-graham-5fNmWej4tAA-unsplash\" alt=\"scott-graham-5fNmWej4tAA-unsplash\" loading=\"lazy\" \/>\t\t\t\t\t\t\t\t\t\t\t\t\t\t\t<\/div>\n\t\t\t\t<\/div>\n\t\t\t\t<div class=\"elementor-element elementor-element-491f26c elementor-hidden-desktop elementor-hidden-tablet elementor-widget elementor-widget-image\" data-id=\"491f26c\" data-element_type=\"widget\" data-widget_type=\"image.default\">\n\t\t\t\t<div class=\"elementor-widget-container\">\n\t\t\t\t\t\t\t\t\t\t\t\t\t\t\t<img fetchpriority=\"high\" decoding=\"async\" width=\"1300\" height=\"650\" src=\"https:\/\/indev.iconeproduction.com\/braxton\/wp-content\/uploads\/2025\/05\/scott-graham-5fNmWej4tAA-unsplash-1300x650.jpg\" class=\"attachment-qi_blocks_image_size_landscape size-qi_blocks_image_size_landscape wp-image-7526\" alt=\"\" \/>\t\t\t\t\t\t\t\t\t\t\t\t\t\t\t<\/div>\n\t\t\t\t<\/div>\n\t\t\t\t<div class=\"elementor-element elementor-element-407b2a3 elementor-widget__width-initial elementor-absolute elementor-hidden-desktop elementor-hidden-mobile elementor-widget elementor-widget-heading\" data-id=\"407b2a3\" data-element_type=\"widget\" data-settings=\"{&quot;_position&quot;:&quot;absolute&quot;}\" data-widget_type=\"heading.default\">\n\t\t\t\t<div class=\"elementor-widget-container\">\n\t\t\t\t\t<h4 class=\"elementor-heading-title elementor-size-default\">Notre m\u00e9tier commence l\u00e0 o\u00f9 l\u2019immobilier devient une conviction d\u2019investissement \u00bb Frederic Lesaffre, Pr\u00e9sident<\/h4>\t\t\t\t<\/div>\n\t\t\t\t<\/div>\n\t\t\t\t<\/div>\n\t\t<div class=\"elementor-element elementor-element-ac4cbb4 e-con-full e-flex e-con e-parent\" data-id=\"ac4cbb4\" data-element_type=\"container\" data-settings=\"{&quot;background_background&quot;:&quot;classic&quot;,&quot;animation&quot;:&quot;none&quot;,&quot;shape_divider_bottom&quot;:&quot;mountains&quot;}\">\n\t\t\t\t<div class=\"elementor-shape elementor-shape-bottom\" data-negative=\"false\">\n\t\t\t<svg xmlns=\"http:\/\/www.w3.org\/2000\/svg\" viewBox=\"0 0 1000 100\" preserveAspectRatio=\"none\">\n\t<path class=\"elementor-shape-fill\" opacity=\"0.33\" d=\"M473,67.3c-203.9,88.3-263.1-34-320.3,0C66,119.1,0,59.7,0,59.7V0h1000v59.7 c0,0-62.1,26.1-94.9,29.3c-32.8,3.3-62.8-12.3-75.8-22.1C806,49.6,745.3,8.7,694.9,4.7S492.4,59,473,67.3z\"\/>\n\t<path class=\"elementor-shape-fill\" opacity=\"0.66\" d=\"M734,67.3c-45.5,0-77.2-23.2-129.1-39.1c-28.6-8.7-150.3-10.1-254,39.1 s-91.7-34.4-149.2,0C115.7,118.3,0,39.8,0,39.8V0h1000v36.5c0,0-28.2-18.5-92.1-18.5C810.2,18.1,775.7,67.3,734,67.3z\"\/>\n\t<path class=\"elementor-shape-fill\" d=\"M766.1,28.9c-200-57.5-266,65.5-395.1,19.5C242,1.8,242,5.4,184.8,20.6C128,35.8,132.3,44.9,89.9,52.5C28.6,63.7,0,0,0,0 h1000c0,0-9.9,40.9-83.6,48.1S829.6,47,766.1,28.9z\"\/>\n<\/svg>\t\t<\/div>\n\t\t\t\t<div class=\"elementor-element elementor-element-215fbf1 elementor-widget__width-initial elementor-widget-mobile__width-initial elementor-hidden-tablet elementor-hidden-mobile elementor-invisible elementor-widget elementor-widget-image\" data-id=\"215fbf1\" data-element_type=\"widget\" data-settings=\"{&quot;_animation&quot;:&quot;fadeInRight&quot;}\" data-widget_type=\"image.default\">\n\t\t\t\t<div class=\"elementor-widget-container\">\n\t\t\t\t\t\t\t\t\t\t\t\t\t\t\t<img decoding=\"async\" src=\"https:\/\/indev.iconeproduction.com\/braxton\/wp-content\/uploads\/elementor\/thumbs\/scott-graham-5fNmWej4tAA-unsplash-scaled-r62yjtj6ktsa3a2u4a74uomdysdu1u9kp84409sy28.jpg\" title=\"scott-graham-5fNmWej4tAA-unsplash\" alt=\"scott-graham-5fNmWej4tAA-unsplash\" loading=\"lazy\" \/>\t\t\t\t\t\t\t\t\t\t\t\t\t\t\t<\/div>\n\t\t\t\t<\/div>\n\t\t\t\t<div class=\"elementor-element elementor-element-10267fa elementor-widget__width-initial elementor-absolute elementor-hidden-tablet elementor-hidden-mobile elementor-invisible elementor-widget elementor-widget-heading\" data-id=\"10267fa\" data-element_type=\"widget\" data-settings=\"{&quot;_position&quot;:&quot;absolute&quot;,&quot;_animation&quot;:&quot;fadeInLeft&quot;}\" data-widget_type=\"heading.default\">\n\t\t\t\t<div class=\"elementor-widget-container\">\n\t\t\t\t\t<span class=\"elementor-heading-title elementor-size-default\">\u00ab Notre m\u00e9tier commence l\u00e0 o\u00f9 l\u2019immobilier devient une conviction d\u2019investissement \u00bb Frederic Lesaffre, Pr\u00e9sident<\/span>\t\t\t\t<\/div>\n\t\t\t\t<\/div>\n\t\t\t\t<\/div>\n\t\t<div class=\"elementor-element elementor-element-dba553a e-con-full qodef-elementor-content-grid e-flex e-con e-parent\" data-id=\"dba553a\" data-element_type=\"container\" data-settings=\"{&quot;background_background&quot;:&quot;gradient&quot;}\">\n\t\t\t\t<div class=\"elementor-element elementor-element-6bbac49 elementor-widget elementor-widget-startpro_core_section_title\" data-id=\"6bbac49\" data-element_type=\"widget\" data-widget_type=\"startpro_core_section_title.default\">\n\t\t\t\t<div class=\"elementor-widget-container\">\n\t\t\t\t\t<div class=\"qodef-shortcode qodef-m  qodef-section-title qodef-alignment--left \">\n\t\t<h1 class=\"qodef-m-title\" >\n\t\t\t\t\tNotre \u00e9quipe\t\t\t<\/h1>\n\t<\/div>\n\t\t\t\t<\/div>\n\t\t\t\t<\/div>\n\t\t\t\t<\/div>\n\t\t<div class=\"elementor-element elementor-element-4467e88 e-con-full e-flex e-con e-parent\" data-id=\"4467e88\" data-element_type=\"container\">\n\t\t\t\t<div class=\"elementor-element elementor-element-969a630 elementor-widget__width-initial animated-slow elementor-invisible elementor-widget elementor-widget-startpro_core_portfolio_list\" data-id=\"969a630\" data-element_type=\"widget\" data-settings=\"{&quot;_animation&quot;:&quot;fadeIn&quot;,&quot;_animation_delay&quot;:200}\" data-widget_type=\"startpro_core_portfolio_list.default\">\n\t\t\t\t<div class=\"elementor-widget-container\">\n\t\t\t\t\t<div class=\"qodef-shortcode qodef-m Braxton-team qodef-portfolio-list qodef-item-layout--info-on-hover qodef-grid qodef-layout--columns  qodef-gutter--small qodef-vertical-gutter--small qodef-col-num--3 qodef-item-layout--info-on-hover  qodef-pagination--off qodef-responsive--custom qodef-col-num--1512--3 qodef-col-num--1368--3 qodef-col-num--1200--3 qodef-col-num--1024--3 qodef-col-num--880--2 qodef-col-num--680--1 qodef-swiper--show-pagination qodef-hover-animation--fade-in\" style=\"--qode-gutter-custom: 0px;--qode-vertical-gutter-custom: 0px;--qode-gutter-custom-1512: 0px;--qode-vertical-gutter-custom-1512: 0px;--qode-gutter-custom-1200: 0px;--qode-vertical-gutter-custom-1200: 0px;--qode-gutter-custom-880: 0px;--qode-vertical-gutter-custom-880: 0px\" data-options=\"{&quot;plugin&quot;:&quot;startpro_core&quot;,&quot;module&quot;:&quot;post-types\\\/portfolio\\\/shortcodes&quot;,&quot;shortcode&quot;:&quot;portfolio-list&quot;,&quot;post_type&quot;:&quot;portfolio-item&quot;,&quot;next_page&quot;:&quot;2&quot;,&quot;max_pages_num&quot;:1,&quot;custom_class&quot;:&quot;Braxton-team&quot;,&quot;behavior&quot;:&quot;columns&quot;,&quot;images_proportion&quot;:&quot;full&quot;,&quot;columns&quot;:&quot;3&quot;,&quot;columns_responsive&quot;:&quot;custom&quot;,&quot;columns_1512&quot;:&quot;3&quot;,&quot;columns_1368&quot;:&quot;3&quot;,&quot;columns_1200&quot;:&quot;3&quot;,&quot;columns_1024&quot;:&quot;3&quot;,&quot;columns_880&quot;:&quot;2&quot;,&quot;columns_680&quot;:&quot;1&quot;,&quot;space&quot;:&quot;small&quot;,&quot;vertical_space&quot;:&quot;small&quot;,&quot;posts_per_page&quot;:&quot;10&quot;,&quot;orderby&quot;:&quot;title&quot;,&quot;order&quot;:&quot;ASC&quot;,&quot;layout&quot;:&quot;info-on-hover&quot;,&quot;hover_animation_info-below&quot;:&quot;overlay&quot;,&quot;hover_animation_info-follow&quot;:&quot;follow&quot;,&quot;hover_animation_info-on-hover&quot;:&quot;fade-in&quot;,&quot;title_tag&quot;:&quot;h5&quot;,&quot;custom_margin&quot;:&quot;no&quot;,&quot;enable_filter&quot;:&quot;no&quot;,&quot;pagination_type&quot;:&quot;no-pagination&quot;,&quot;object_class_name&quot;:&quot;StartProCore_Portfolio_List_Shortcode&quot;,&quot;taxonomy_filter&quot;:&quot;portfolio-category&quot;,&quot;additional_query_args&quot;:[],&quot;holder_styles&quot;:{&quot;custom&quot;:&quot;--qode-gutter-custom: 0px&quot;,&quot;vertical_custom&quot;:&quot;--qode-vertical-gutter-custom: 0px&quot;,&quot;custom_1512&quot;:&quot;--qode-gutter-custom-1512: 0px&quot;,&quot;vertical_custom_1512&quot;:&quot;--qode-vertical-gutter-custom-1512: 0px&quot;,&quot;custom_1200&quot;:&quot;--qode-gutter-custom-1200: 0px&quot;,&quot;vertical_custom_1200&quot;:&quot;--qode-vertical-gutter-custom-1200: 0px&quot;,&quot;custom_880&quot;:&quot;--qode-gutter-custom-880: 0px&quot;,&quot;vertical_custom_880&quot;:&quot;--qode-vertical-gutter-custom-880: 0px&quot;},&quot;space_value&quot;:20}\">\n\t\t<div class=\"qodef-grid-inner\">\n\t\t<article class=\"qodef-e qodef-grid-item qodef-item--full post-6648 portfolio-item type-portfolio-item status-publish has-post-thumbnail hentry portfolio-category-societe-de-gestion\">\n\t<div class=\"qodef-e-inner\" >\n\t\t<div class=\"qodef-e-media\">\n\t\t\t\t<div class=\"qodef-e-media-image\">\n\t\t<a itemprop=\"url\" href=\"https:\/\/indev.iconeproduction.com\/braxton\/blog\/portfolio-item\/1frederic-lesaffre-directeur-general\/\" target=\"_self\">\n\t\t\t<img decoding=\"async\" width=\"5464\" height=\"8192\" src=\"https:\/\/indev.iconeproduction.com\/braxton\/wp-content\/uploads\/2025\/04\/177A9475VF.jpg\" class=\"attachment-full size-full wp-post-image\" alt=\"\" srcset=\"https:\/\/indev.iconeproduction.com\/braxton\/wp-content\/uploads\/2025\/04\/177A9475VF.jpg 5464w, https:\/\/indev.iconeproduction.com\/braxton\/wp-content\/uploads\/2025\/04\/177A9475VF-200x300.jpg 200w, https:\/\/indev.iconeproduction.com\/braxton\/wp-content\/uploads\/2025\/04\/177A9475VF-683x1024.jpg 683w, https:\/\/indev.iconeproduction.com\/braxton\/wp-content\/uploads\/2025\/04\/177A9475VF-768x1151.jpg 768w, https:\/\/indev.iconeproduction.com\/braxton\/wp-content\/uploads\/2025\/04\/177A9475VF-1025x1536.jpg 1025w\" sizes=\"(max-width: 5464px) 100vw, 5464px\" \/>\t\t<\/a>\n\t<\/div>\n\t\t<\/div>\n\t\t<div class=\"qodef-e-content\">\n\t\t\t<div class=\"qodef-e-top-holder\">\n\t\t\t\t<div class=\"qodef-e-info\">\n\t\t\t\t\t\t<a href=\"https:\/\/indev.iconeproduction.com\/braxton\/blog\/portfolio-category\/societe-de-gestion\/\" rel=\"tag\">2Soci\u00e9t\u00e9 de Gestion<\/a>\t<div class=\"qodef-info-separator-end\"><\/div>\n\t\t\t\t<\/div>\n\t\t\t<\/div>\n\t\t\t<div class=\"qodef-e-text\">\n\t\t\t\t<h5 itemprop=\"name\" class=\"qodef-e-title entry-title\" >\n\t<a itemprop=\"url\" class=\"qodef-e-title-link\" href=\"https:\/\/indev.iconeproduction.com\/braxton\/blog\/portfolio-item\/1frederic-lesaffre-directeur-general\/\" target=\"_self\">\n\t\t<span class='ordre'>1<\/span><span class='nom'>Frederic Lesaffre<\/span> <br\/> <span class='fonction'>Pr\u00e9sident<\/span>\t<\/a>\n<\/h5>\n\t\t\t<\/div>\n\t\t<\/div>\n\t\t<a itemprop=\"url\" class=\"qodef-e-post-link\" href=\"https:\/\/indev.iconeproduction.com\/braxton\/blog\/portfolio-item\/1frederic-lesaffre-directeur-general\/\" target=\"_self\"><\/a>\n\t<\/div>\n<\/article>\n<article class=\"qodef-e qodef-grid-item qodef-item--full post-6788 portfolio-item type-portfolio-item status-publish has-post-thumbnail hentry portfolio-category-societe-de-gestion\">\n\t<div class=\"qodef-e-inner\" >\n\t\t<div class=\"qodef-e-media\">\n\t\t\t\t<div class=\"qodef-e-media-image\">\n\t\t<a itemprop=\"url\" href=\"https:\/\/indev.iconeproduction.com\/braxton\/blog\/portfolio-item\/2victor-ple-directeur-general-adjoint\/\" target=\"_self\">\n\t\t\t<img decoding=\"async\" width=\"5464\" height=\"8192\" src=\"https:\/\/indev.iconeproduction.com\/braxton\/wp-content\/uploads\/2025\/04\/177A8703VF.jpg\" class=\"attachment-full size-full wp-post-image\" alt=\"\" srcset=\"https:\/\/indev.iconeproduction.com\/braxton\/wp-content\/uploads\/2025\/04\/177A8703VF.jpg 5464w, https:\/\/indev.iconeproduction.com\/braxton\/wp-content\/uploads\/2025\/04\/177A8703VF-200x300.jpg 200w, https:\/\/indev.iconeproduction.com\/braxton\/wp-content\/uploads\/2025\/04\/177A8703VF-683x1024.jpg 683w, https:\/\/indev.iconeproduction.com\/braxton\/wp-content\/uploads\/2025\/04\/177A8703VF-768x1151.jpg 768w, https:\/\/indev.iconeproduction.com\/braxton\/wp-content\/uploads\/2025\/04\/177A8703VF-1025x1536.jpg 1025w\" sizes=\"(max-width: 5464px) 100vw, 5464px\" \/>\t\t<\/a>\n\t<\/div>\n\t\t<\/div>\n\t\t<div class=\"qodef-e-content\">\n\t\t\t<div class=\"qodef-e-top-holder\">\n\t\t\t\t<div class=\"qodef-e-info\">\n\t\t\t\t\t\t<a href=\"https:\/\/indev.iconeproduction.com\/braxton\/blog\/portfolio-category\/societe-de-gestion\/\" rel=\"tag\">2Soci\u00e9t\u00e9 de Gestion<\/a>\t<div class=\"qodef-info-separator-end\"><\/div>\n\t\t\t\t<\/div>\n\t\t\t<\/div>\n\t\t\t<div class=\"qodef-e-text\">\n\t\t\t\t<h5 itemprop=\"name\" class=\"qodef-e-title entry-title\" >\n\t<a itemprop=\"url\" class=\"qodef-e-title-link\" href=\"https:\/\/indev.iconeproduction.com\/braxton\/blog\/portfolio-item\/2victor-ple-directeur-general-adjoint\/\" target=\"_self\">\n\t\t<span class='ordre'>2<\/span><span class='nom'>Victor Pl\u00e9<\/span> <br\/> <span class='fonction'>Directeur G\u00e9n\u00e9ral<\/span>\t<\/a>\n<\/h5>\n\t\t\t<\/div>\n\t\t<\/div>\n\t\t<a itemprop=\"url\" class=\"qodef-e-post-link\" href=\"https:\/\/indev.iconeproduction.com\/braxton\/blog\/portfolio-item\/2victor-ple-directeur-general-adjoint\/\" target=\"_self\"><\/a>\n\t<\/div>\n<\/article>\n<article class=\"qodef-e qodef-grid-item qodef-item--full post-6645 portfolio-item type-portfolio-item status-publish has-post-thumbnail hentry portfolio-category-societe-de-gestion\">\n\t<div class=\"qodef-e-inner\" >\n\t\t<div class=\"qodef-e-media\">\n\t\t\t\t<div class=\"qodef-e-media-image\">\n\t\t<a itemprop=\"url\" href=\"https:\/\/indev.iconeproduction.com\/braxton\/blog\/portfolio-item\/3melanie-larue-directrice-fund-management\/\" target=\"_self\">\n\t\t\t<img loading=\"lazy\" decoding=\"async\" width=\"5464\" height=\"8192\" src=\"https:\/\/indev.iconeproduction.com\/braxton\/wp-content\/uploads\/2025\/04\/177A8730VF.jpg\" class=\"attachment-full size-full wp-post-image\" alt=\"\" srcset=\"https:\/\/indev.iconeproduction.com\/braxton\/wp-content\/uploads\/2025\/04\/177A8730VF.jpg 5464w, https:\/\/indev.iconeproduction.com\/braxton\/wp-content\/uploads\/2025\/04\/177A8730VF-200x300.jpg 200w, https:\/\/indev.iconeproduction.com\/braxton\/wp-content\/uploads\/2025\/04\/177A8730VF-683x1024.jpg 683w, https:\/\/indev.iconeproduction.com\/braxton\/wp-content\/uploads\/2025\/04\/177A8730VF-768x1151.jpg 768w, https:\/\/indev.iconeproduction.com\/braxton\/wp-content\/uploads\/2025\/04\/177A8730VF-1025x1536.jpg 1025w\" sizes=\"(max-width: 5464px) 100vw, 5464px\" \/>\t\t<\/a>\n\t<\/div>\n\t\t<\/div>\n\t\t<div class=\"qodef-e-content\">\n\t\t\t<div class=\"qodef-e-top-holder\">\n\t\t\t\t<div class=\"qodef-e-info\">\n\t\t\t\t\t\t<a href=\"https:\/\/indev.iconeproduction.com\/braxton\/blog\/portfolio-category\/societe-de-gestion\/\" rel=\"tag\">2Soci\u00e9t\u00e9 de Gestion<\/a>\t<div class=\"qodef-info-separator-end\"><\/div>\n\t\t\t\t<\/div>\n\t\t\t<\/div>\n\t\t\t<div class=\"qodef-e-text\">\n\t\t\t\t<h5 itemprop=\"name\" class=\"qodef-e-title entry-title\" >\n\t<a itemprop=\"url\" class=\"qodef-e-title-link\" href=\"https:\/\/indev.iconeproduction.com\/braxton\/blog\/portfolio-item\/3melanie-larue-directrice-fund-management\/\" target=\"_self\">\n\t\t<span class='ordre'>3<\/span><span class='nom'>M\u00e9lanie Larue<\/span> <br\/> <span class='fonction'>Directrice Fund Management<\/span>\t<\/a>\n<\/h5>\n\t\t\t<\/div>\n\t\t<\/div>\n\t\t<a itemprop=\"url\" class=\"qodef-e-post-link\" href=\"https:\/\/indev.iconeproduction.com\/braxton\/blog\/portfolio-item\/3melanie-larue-directrice-fund-management\/\" target=\"_self\"><\/a>\n\t<\/div>\n<\/article>\n<article class=\"qodef-e qodef-grid-item qodef-item--full post-6646 portfolio-item type-portfolio-item status-publish has-post-thumbnail hentry portfolio-category-societe-de-gestion\">\n\t<div class=\"qodef-e-inner\" >\n\t\t<div class=\"qodef-e-media\">\n\t\t\t\t<div class=\"qodef-e-media-image\">\n\t\t<a itemprop=\"url\" href=\"https:\/\/indev.iconeproduction.com\/braxton\/blog\/portfolio-item\/4jean-paul-podvin-directeur-financier\/\" target=\"_self\">\n\t\t\t<img loading=\"lazy\" decoding=\"async\" width=\"5464\" height=\"8192\" src=\"https:\/\/indev.iconeproduction.com\/braxton\/wp-content\/uploads\/2025\/04\/177A8750VF.jpg\" class=\"attachment-full size-full wp-post-image\" alt=\"\" srcset=\"https:\/\/indev.iconeproduction.com\/braxton\/wp-content\/uploads\/2025\/04\/177A8750VF.jpg 5464w, https:\/\/indev.iconeproduction.com\/braxton\/wp-content\/uploads\/2025\/04\/177A8750VF-200x300.jpg 200w, https:\/\/indev.iconeproduction.com\/braxton\/wp-content\/uploads\/2025\/04\/177A8750VF-683x1024.jpg 683w, https:\/\/indev.iconeproduction.com\/braxton\/wp-content\/uploads\/2025\/04\/177A8750VF-768x1151.jpg 768w, https:\/\/indev.iconeproduction.com\/braxton\/wp-content\/uploads\/2025\/04\/177A8750VF-1025x1536.jpg 1025w\" sizes=\"(max-width: 5464px) 100vw, 5464px\" \/>\t\t<\/a>\n\t<\/div>\n\t\t<\/div>\n\t\t<div class=\"qodef-e-content\">\n\t\t\t<div class=\"qodef-e-top-holder\">\n\t\t\t\t<div class=\"qodef-e-info\">\n\t\t\t\t\t\t<a href=\"https:\/\/indev.iconeproduction.com\/braxton\/blog\/portfolio-category\/societe-de-gestion\/\" rel=\"tag\">2Soci\u00e9t\u00e9 de Gestion<\/a>\t<div class=\"qodef-info-separator-end\"><\/div>\n\t\t\t\t<\/div>\n\t\t\t<\/div>\n\t\t\t<div class=\"qodef-e-text\">\n\t\t\t\t<h5 itemprop=\"name\" class=\"qodef-e-title entry-title\" >\n\t<a itemprop=\"url\" class=\"qodef-e-title-link\" href=\"https:\/\/indev.iconeproduction.com\/braxton\/blog\/portfolio-item\/4jean-paul-podvin-directeur-financier\/\" target=\"_self\">\n\t\t<span class='ordre'>4<\/span><span class='nom'>Jean-Paul Podvin<\/span> <br\/> <span class='fonction'>Directeur Financier<\/span>\t<\/a>\n<\/h5>\n\t\t\t<\/div>\n\t\t<\/div>\n\t\t<a itemprop=\"url\" class=\"qodef-e-post-link\" href=\"https:\/\/indev.iconeproduction.com\/braxton\/blog\/portfolio-item\/4jean-paul-podvin-directeur-financier\/\" target=\"_self\"><\/a>\n\t<\/div>\n<\/article>\n\t<\/div>\n\t<\/div>\n\t\t\t\t<\/div>\n\t\t\t\t<\/div>\n\t\t\t\t<\/div>\n\t\t\t\t<\/div>\n\t\t","protected":false},"excerpt":{"rendered":"<p>Notre m\u00e9tier commence l\u00e0 o\u00f9 l\u2019immobilier devient une conviction d\u2019investissement \u00bb Frederic Lesaffre, Pr\u00e9sident \u00ab Notre m\u00e9tier commence l\u00e0 o\u00f9 l\u2019immobilier devient une conviction d\u2019investissement \u00bb Frederic Lesaffre, Pr\u00e9sident Notre \u00e9quipe 2Soci\u00e9t\u00e9 de Gestion 1Frederic Lesaffre Directeur G\u00e9n\u00e9ral 2Soci\u00e9t\u00e9 de Gestion 2Victor Pl\u00e9 Directeur G\u00e9n\u00e9ral Adjoint 2Soci\u00e9t\u00e9 de Gestion 3M\u00e9lanie Larue Directrice Fund Management 2Soci\u00e9t\u00e9 [&hellip;]<\/p>\n","protected":false},"author":1,"featured_media":0,"parent":0,"menu_order":0,"comment_status":"closed","ping_status":"closed","template":"page-full-width.php","meta":{"footnotes":""},"class_list":["post-2157","page","type-page","status-publish","hentry"],"_links":{"self":[{"href":"https:\/\/indev.iconeproduction.com\/braxton\/wp-json\/wp\/v2\/pages\/2157","targetHints":{"allow":["GET"]}}],"collection":[{"href":"https:\/\/indev.iconeproduction.com\/braxton\/wp-json\/wp\/v2\/pages"}],"about":[{"href":"https:\/\/indev.iconeproduction.com\/braxton\/wp-json\/wp\/v2\/types\/page"}],"author":[{"embeddable":true,"href":"https:\/\/indev.iconeproduction.com\/braxton\/wp-json\/wp\/v2\/users\/1"}],"replies":[{"embeddable":true,"href":"https:\/\/indev.iconeproduction.com\/braxton\/wp-json\/wp\/v2\/comments?post=2157"}],"version-history":[{"count":230,"href":"https:\/\/indev.iconeproduction.com\/braxton\/wp-json\/wp\/v2\/pages\/2157\/revisions"}],"predecessor-version":[{"id":7902,"href":"https:\/\/indev.iconeproduction.com\/braxton\/wp-json\/wp\/v2\/pages\/2157\/revisions\/7902"}],"wp:attachment":[{"href":"https:\/\/indev.iconeproduction.com\/braxton\/wp-json\/wp\/v2\/media?parent=2157"}],"curies":[{"name":"wp","href":"https:\/\/api.w.org\/{rel}","templated":true}]}}